{"id":16,"date":"2020-02-21T09:16:52","date_gmt":"2020-02-21T09:16:52","guid":{"rendered":"https:\/\/peterhbaumann.ch\/?page_id=16"},"modified":"2026-04-16T17:04:03","modified_gmt":"2026-04-16T15:04:03","slug":"organisationsberatung-kontakt","status":"publish","type":"page","link":"https:\/\/peterhbaumann.ch\/index.php\/organisationsberatung-kontakt\/","title":{"rendered":"\u00dcber mich und Kontakt"},"content":{"rendered":"\n<p><\/p>\n\n\n\n<div class=\"wp-block-columns is-layout-flex wp-container-core-columns-is-layout-28f84493 wp-block-columns-is-layout-flex\">\n<div class=\"wp-block-column is-layout-flow wp-block-column-is-layout-flow\">\n<p>Peter H Baumann Organisationsberatung<br>Peter Baumann<br>Dorfstrasse 15d<br>3083 Trimstein<br>+41 76 404 71 79<br><a href=\"mailto:peter.baumann@peterhbaumann.ch\">peter.baumann@peterhbaumann.ch<\/a><\/p>\n<\/div>\n\n\n\n<div class=\"wp-block-column is-layout-flow wp-block-column-is-layout-flow\">\n<figure class=\"wp-block-image size-large is-resized\"><img fetchpriority=\"high\" decoding=\"async\" width=\"683\" height=\"1024\" src=\"https:\/\/peterhbaumann.ch\/wp-content\/uploads\/2026\/04\/Peter-683x1024.png\" alt=\"\" class=\"wp-image-246\" style=\"aspect-ratio:0.6669931972789116;width:174px;height:auto\" srcset=\"https:\/\/peterhbaumann.ch\/wp-content\/uploads\/2026\/04\/Peter-683x1024.png 683w, https:\/\/peterhbaumann.ch\/wp-content\/uploads\/2026\/04\/Peter-200x300.png 200w, https:\/\/peterhbaumann.ch\/wp-content\/uploads\/2026\/04\/Peter-768x1152.png 768w, https:\/\/peterhbaumann.ch\/wp-content\/uploads\/2026\/04\/Peter-1000x1500.png 1000w, https:\/\/peterhbaumann.ch\/wp-content\/uploads\/2026\/04\/Peter-230x345.png 230w, https:\/\/peterhbaumann.ch\/wp-content\/uploads\/2026\/04\/Peter-350x525.png 350w, https:\/\/peterhbaumann.ch\/wp-content\/uploads\/2026\/04\/Peter-480x720.png 480w, https:\/\/peterhbaumann.ch\/wp-content\/uploads\/2026\/04\/Peter.png 1024w\" sizes=\"(max-width: 683px) 100vw, 683px\" \/><\/figure>\n<\/div>\n<\/div>\n\n\n\n<div class=\"wp-block-columns is-layout-flex wp-container-core-columns-is-layout-28f84493 wp-block-columns-is-layout-flex\">\n<div class=\"wp-block-column is-layout-flow wp-block-column-is-layout-flow\">\n<h4 class=\"wp-block-heading\">Bildung<\/h4>\n\n\n\n<p>Mein Studium mit dem Lizentiat Phil.I in Germanistik, P\u00e4dagogik und Publizistik hat mich gelehrt, in Strukturen zu denken, genau hinzuschauen und Details ins Gesamte einzuordnen. Als eidg. dipl. Marketingleiter denke ich betriebswirtschaftlich, kann Zahlen und Messgr\u00f6ssen einsch\u00e4tzen und verstehe verschiedenste Organisationen. Mit dem Master of Science in systemischer Organisationsentwicklung kann ich die Funktionalit\u00e4t von Organisationen beurteilen, sie gezielt in neue Richtungen lenken und ihre Leistungsf\u00e4higkeit verbessern.<\/p>\n<\/div>\n\n\n\n<div class=\"wp-block-column is-layout-flow wp-block-column-is-layout-flow\">\n<h4 class=\"wp-block-heading\">Erfahrung<\/h4>\n\n\n\n<p>Meine beruflichen und ehrenamtlichen T\u00e4tigkeiten ergeben mein breites Wissensspektrum. Ich habe direkte und laterale F\u00fchrungserfahrung auf Team- und Abteilungsebene in klar strukturierten und in komplexen Organisationen mit ideellen, politischen und kommerziellen Zielsetzungen. Kenntnisse bringe ich aus dem Marketingberatungs-, Bildungs-, politischen Gemeindef\u00fchrungs-, Jugendarbeits- und Planungsbereich mit. Dank der Verantwortung f\u00fcr grosse und kleine Projekte, verschiedener Forschungsprojekte und der Betreuung von unz\u00e4hligen Projekt-, Bachelor- und Masterarbeiten kenne ich zudem die Besonderheiten zahlreicher Branchen und \u00f6ffentlicher Verwaltungsorganisationen.<\/p>\n<\/div>\n<\/div>\n","protected":false},"excerpt":{"rendered":"<p>Peter H Baumann OrganisationsberatungPeter BaumannDorfstrasse 15d3083 Trimstein+41 76 404 71 79peter.baumann@peterhbaumann.ch Bildung Mein Studium mit dem Lizentiat Phil.I in Germanistik, P\u00e4dagogik und [&hellip;]<\/p>\n","protected":false},"author":1,"featured_media":0,"parent":0,"menu_order":0,"comment_status":"closed","ping_status":"closed","template":"","meta":{"footnotes":""},"class_list":["post-16","page","type-page","status-publish","hentry"],"yoast_head":"<!-- This site is optimized with the Yoast SEO plugin v27.4 - https:\/\/yoast.com\/product\/yoast-seo-wordpress\/ -->\n<title>\u00dcber mich und Kontakt - Peter H Baumann Organisationsberatung<\/title>\n<meta name=\"description\" content=\"Peter H Baumann Organisationsberatung Kooperationen Netzwerke Partizipation Peter H Baumann Kontakt Erfahrung Bildung Adresse\" \/>\n<meta name=\"robots\" content=\"index, follow, max-snippet:-1, max-image-preview:large, max-video-preview:-1\" \/>\n<link rel=\"canonical\" href=\"https:\/\/peterhbaumann.ch\/index.php\/organisationsberatung-kontakt\/\" \/>\n<meta property=\"og:locale\" content=\"de_DE\" \/>\n<meta property=\"og:type\" content=\"article\" \/>\n<meta property=\"og:title\" content=\"\u00dcber mich und Kontakt - Peter H Baumann Organisationsberatung\" \/>\n<meta property=\"og:description\" content=\"Peter H Baumann Organisationsberatung Kooperationen Netzwerke Partizipation Peter H Baumann Kontakt Erfahrung Bildung Adresse\" \/>\n<meta property=\"og:url\" content=\"https:\/\/peterhbaumann.ch\/index.php\/organisationsberatung-kontakt\/\" \/>\n<meta property=\"og:site_name\" content=\"Peter H Baumann Organisationsberatung\" \/>\n<meta property=\"article:modified_time\" content=\"2026-04-16T15:04:03+00:00\" \/>\n<meta property=\"og:image\" content=\"https:\/\/peterhbaumann.ch\/wp-content\/uploads\/2026\/04\/Peter-683x1024.png\" \/>\n\t<meta property=\"og:image:width\" content=\"683\" \/>\n\t<meta property=\"og:image:height\" content=\"1024\" \/>\n\t<meta property=\"og:image:type\" content=\"image\/png\" \/>\n<meta name=\"twitter:card\" content=\"summary_large_image\" \/>\n<meta name=\"twitter:label1\" content=\"Gesch\u00e4tzte Lesezeit\" \/>\n\t<meta name=\"twitter:data1\" content=\"2\u00a0Minuten\" \/>\n<script type=\"application\/ld+json\" class=\"yoast-schema-graph\">{\"@context\":\"https:\\\/\\\/schema.org\",\"@graph\":[{\"@type\":\"WebPage\",\"@id\":\"https:\\\/\\\/peterhbaumann.ch\\\/index.php\\\/organisationsberatung-kontakt\\\/\",\"url\":\"https:\\\/\\\/peterhbaumann.ch\\\/index.php\\\/organisationsberatung-kontakt\\\/\",\"name\":\"\u00dcber mich und Kontakt - Peter H Baumann Organisationsberatung\",\"isPartOf\":{\"@id\":\"https:\\\/\\\/peterhbaumann.ch\\\/#website\"},\"primaryImageOfPage\":{\"@id\":\"https:\\\/\\\/peterhbaumann.ch\\\/index.php\\\/organisationsberatung-kontakt\\\/#primaryimage\"},\"image\":{\"@id\":\"https:\\\/\\\/peterhbaumann.ch\\\/index.php\\\/organisationsberatung-kontakt\\\/#primaryimage\"},\"thumbnailUrl\":\"https:\\\/\\\/peterhbaumann.ch\\\/wp-content\\\/uploads\\\/2026\\\/04\\\/Peter-683x1024.png\",\"datePublished\":\"2020-02-21T09:16:52+00:00\",\"dateModified\":\"2026-04-16T15:04:03+00:00\",\"description\":\"Peter H Baumann Organisationsberatung Kooperationen Netzwerke Partizipation Peter H Baumann Kontakt Erfahrung Bildung Adresse\",\"breadcrumb\":{\"@id\":\"https:\\\/\\\/peterhbaumann.ch\\\/index.php\\\/organisationsberatung-kontakt\\\/#breadcrumb\"},\"inLanguage\":\"de-CH\",\"potentialAction\":[{\"@type\":\"ReadAction\",\"target\":[\"https:\\\/\\\/peterhbaumann.ch\\\/index.php\\\/organisationsberatung-kontakt\\\/\"]}]},{\"@type\":\"ImageObject\",\"inLanguage\":\"de-CH\",\"@id\":\"https:\\\/\\\/peterhbaumann.ch\\\/index.php\\\/organisationsberatung-kontakt\\\/#primaryimage\",\"url\":\"https:\\\/\\\/peterhbaumann.ch\\\/wp-content\\\/uploads\\\/2026\\\/04\\\/Peter.png\",\"contentUrl\":\"https:\\\/\\\/peterhbaumann.ch\\\/wp-content\\\/uploads\\\/2026\\\/04\\\/Peter.png\",\"width\":1024,\"height\":1536},{\"@type\":\"BreadcrumbList\",\"@id\":\"https:\\\/\\\/peterhbaumann.ch\\\/index.php\\\/organisationsberatung-kontakt\\\/#breadcrumb\",\"itemListElement\":[{\"@type\":\"ListItem\",\"position\":1,\"name\":\"Home\",\"item\":\"https:\\\/\\\/peterhbaumann.ch\\\/\"},{\"@type\":\"ListItem\",\"position\":2,\"name\":\"\u00dcber mich und Kontakt\"}]},{\"@type\":\"WebSite\",\"@id\":\"https:\\\/\\\/peterhbaumann.ch\\\/#website\",\"url\":\"https:\\\/\\\/peterhbaumann.ch\\\/\",\"name\":\"Peter H Baumann Organisationsberatung\",\"description\":\"vernetzen  -  kooperieren  -  partizipieren\",\"potentialAction\":[{\"@type\":\"SearchAction\",\"target\":{\"@type\":\"EntryPoint\",\"urlTemplate\":\"https:\\\/\\\/peterhbaumann.ch\\\/?s={search_term_string}\"},\"query-input\":{\"@type\":\"PropertyValueSpecification\",\"valueRequired\":true,\"valueName\":\"search_term_string\"}}],\"inLanguage\":\"de-CH\"}]}<\/script>\n<!-- \/ Yoast SEO plugin. -->","yoast_head_json":{"title":"\u00dcber mich und Kontakt - Peter H Baumann Organisationsberatung","description":"Peter H Baumann Organisationsberatung Kooperationen Netzwerke Partizipation Peter H Baumann Kontakt Erfahrung Bildung Adresse","robots":{"index":"index","follow":"follow","max-snippet":"max-snippet:-1","max-image-preview":"max-image-preview:large","max-video-preview":"max-video-preview:-1"},"canonical":"https:\/\/peterhbaumann.ch\/index.php\/organisationsberatung-kontakt\/","og_locale":"de_DE","og_type":"article","og_title":"\u00dcber mich und Kontakt - Peter H Baumann Organisationsberatung","og_description":"Peter H Baumann Organisationsberatung Kooperationen Netzwerke Partizipation Peter H Baumann Kontakt Erfahrung Bildung Adresse","og_url":"https:\/\/peterhbaumann.ch\/index.php\/organisationsberatung-kontakt\/","og_site_name":"Peter H Baumann Organisationsberatung","article_modified_time":"2026-04-16T15:04:03+00:00","og_image":[{"width":683,"height":1024,"url":"https:\/\/peterhbaumann.ch\/wp-content\/uploads\/2026\/04\/Peter-683x1024.png","type":"image\/png"}],"twitter_card":"summary_large_image","twitter_misc":{"Gesch\u00e4tzte Lesezeit":"2\u00a0Minuten"},"schema":{"@context":"https:\/\/schema.org","@graph":[{"@type":"WebPage","@id":"https:\/\/peterhbaumann.ch\/index.php\/organisationsberatung-kontakt\/","url":"https:\/\/peterhbaumann.ch\/index.php\/organisationsberatung-kontakt\/","name":"\u00dcber mich und Kontakt - Peter H Baumann Organisationsberatung","isPartOf":{"@id":"https:\/\/peterhbaumann.ch\/#website"},"primaryImageOfPage":{"@id":"https:\/\/peterhbaumann.ch\/index.php\/organisationsberatung-kontakt\/#primaryimage"},"image":{"@id":"https:\/\/peterhbaumann.ch\/index.php\/organisationsberatung-kontakt\/#primaryimage"},"thumbnailUrl":"https:\/\/peterhbaumann.ch\/wp-content\/uploads\/2026\/04\/Peter-683x1024.png","datePublished":"2020-02-21T09:16:52+00:00","dateModified":"2026-04-16T15:04:03+00:00","description":"Peter H Baumann Organisationsberatung Kooperationen Netzwerke Partizipation Peter H Baumann Kontakt Erfahrung Bildung Adresse","breadcrumb":{"@id":"https:\/\/peterhbaumann.ch\/index.php\/organisationsberatung-kontakt\/#breadcrumb"},"inLanguage":"de-CH","potentialAction":[{"@type":"ReadAction","target":["https:\/\/peterhbaumann.ch\/index.php\/organisationsberatung-kontakt\/"]}]},{"@type":"ImageObject","inLanguage":"de-CH","@id":"https:\/\/peterhbaumann.ch\/index.php\/organisationsberatung-kontakt\/#primaryimage","url":"https:\/\/peterhbaumann.ch\/wp-content\/uploads\/2026\/04\/Peter.png","contentUrl":"https:\/\/peterhbaumann.ch\/wp-content\/uploads\/2026\/04\/Peter.png","width":1024,"height":1536},{"@type":"BreadcrumbList","@id":"https:\/\/peterhbaumann.ch\/index.php\/organisationsberatung-kontakt\/#breadcrumb","itemListElement":[{"@type":"ListItem","position":1,"name":"Home","item":"https:\/\/peterhbaumann.ch\/"},{"@type":"ListItem","position":2,"name":"\u00dcber mich und Kontakt"}]},{"@type":"WebSite","@id":"https:\/\/peterhbaumann.ch\/#website","url":"https:\/\/peterhbaumann.ch\/","name":"Peter H Baumann Organisationsberatung","description":"vernetzen  -  kooperieren  -  partizipieren","potentialAction":[{"@type":"SearchAction","target":{"@type":"EntryPoint","urlTemplate":"https:\/\/peterhbaumann.ch\/?s={search_term_string}"},"query-input":{"@type":"PropertyValueSpecification","valueRequired":true,"valueName":"search_term_string"}}],"inLanguage":"de-CH"}]}},"_links":{"self":[{"href":"https:\/\/peterhbaumann.ch\/index.php\/wp-json\/wp\/v2\/pages\/16","targetHints":{"allow":["GET"]}}],"collection":[{"href":"https:\/\/peterhbaumann.ch\/index.php\/wp-json\/wp\/v2\/pages"}],"about":[{"href":"https:\/\/peterhbaumann.ch\/index.php\/wp-json\/wp\/v2\/types\/page"}],"author":[{"embeddable":true,"href":"https:\/\/peterhbaumann.ch\/index.php\/wp-json\/wp\/v2\/users\/1"}],"replies":[{"embeddable":true,"href":"https:\/\/peterhbaumann.ch\/index.php\/wp-json\/wp\/v2\/comments?post=16"}],"version-history":[{"count":17,"href":"https:\/\/peterhbaumann.ch\/index.php\/wp-json\/wp\/v2\/pages\/16\/revisions"}],"predecessor-version":[{"id":249,"href":"https:\/\/peterhbaumann.ch\/index.php\/wp-json\/wp\/v2\/pages\/16\/revisions\/249"}],"wp:attachment":[{"href":"https:\/\/peterhbaumann.ch\/index.php\/wp-json\/wp\/v2\/media?parent=16"}],"curies":[{"name":"wp","href":"https:\/\/api.w.org\/{rel}","templated":true}]}}