{"id":14,"date":"2020-02-21T09:16:52","date_gmt":"2020-02-21T09:16:52","guid":{"rendered":"https:\/\/peterhbaumann.ch\/?page_id=14"},"modified":"2026-04-16T15:40:59","modified_gmt":"2026-04-16T13:40:59","slug":"peterhbaumann-organisationsberatung","status":"publish","type":"page","link":"https:\/\/peterhbaumann.ch\/","title":{"rendered":"Ich \u00f6ffne R\u00e4ume f\u00fcr vernetzte, partizipative Zusammenarbeit."},"content":{"rendered":"<figure><img decoding=\"async\" class=\"aligncenter\" src=\"https:\/\/peterhbaumann.ch\/wp-content\/uploads\/2020\/02\/Logo-1024x314.png\" alt=\"\"><\/figure>\n\n\n<p>        <\/p>\n\n\n\n<p><\/p>\n\n\n\n<p class=\"has-medium-font-size\"><\/p>\n\n\n\n<p> <\/p>\n\n\n\n<div class=\"wp-block-columns is-layout-flex wp-container-core-columns-is-layout-28f84493 wp-block-columns-is-layout-flex\">\n<div class=\"wp-block-column is-layout-flow wp-block-column-is-layout-flow\" style=\"flex-basis:33.33%\"><\/div>\n\n\n\n<div class=\"wp-block-column is-layout-flow wp-block-column-is-layout-flow\" style=\"flex-basis:66.66%\"><\/div>\n<\/div>\n\n\n\n<div class=\"wp-block-columns alignwide is-layout-flex wp-container-core-columns-is-layout-28f84493 wp-block-columns-is-layout-flex\">\n<div class=\"wp-block-column is-layout-flow wp-block-column-is-layout-flow\"><\/div>\n<\/div>\n\n\n\n<p><\/p>\n","protected":false},"excerpt":{"rendered":"","protected":false},"author":1,"featured_media":13,"parent":0,"menu_order":0,"comment_status":"closed","ping_status":"closed","template":"","meta":{"footnotes":""},"class_list":["post-14","page","type-page","status-publish","has-post-thumbnail","hentry"],"yoast_head":"<!-- This site is optimized with the Yoast SEO plugin v27.4 - https:\/\/yoast.com\/product\/yoast-seo-wordpress\/ -->\n<title>Ich \u00f6ffne R\u00e4ume f\u00fcr vernetzte, partizipative Zusammenarbeit. - Peter H Baumann Organisationsberatung<\/title>\n<meta name=\"description\" content=\"Peter H Baumann Organisationsberatung gezielte Zusammenarbeit zwischen Organisationen Beratung Kooperation Partizipation Vernetzung Netzwerk\" \/>\n<meta name=\"robots\" content=\"index, follow, max-snippet:-1, max-image-preview:large, max-video-preview:-1\" \/>\n<link rel=\"canonical\" href=\"https:\/\/peterhbaumann.ch\/\" \/>\n<meta property=\"og:locale\" content=\"de_DE\" \/>\n<meta property=\"og:type\" content=\"article\" \/>\n<meta property=\"og:title\" content=\"Ich \u00f6ffne R\u00e4ume f\u00fcr vernetzte, partizipative Zusammenarbeit. - Peter H Baumann Organisationsberatung\" \/>\n<meta property=\"og:description\" content=\"Peter H Baumann Organisationsberatung gezielte Zusammenarbeit zwischen Organisationen Beratung Kooperation Partizipation Vernetzung Netzwerk\" \/>\n<meta property=\"og:url\" content=\"https:\/\/peterhbaumann.ch\/\" \/>\n<meta property=\"og:site_name\" content=\"Peter H Baumann Organisationsberatung\" \/>\n<meta property=\"article:modified_time\" content=\"2026-04-16T13:40:59+00:00\" \/>\n<meta property=\"og:image\" content=\"https:\/\/peterhbaumann.ch\/wp-content\/uploads\/2020\/02\/2020-landscape-1-1.png\" \/>\n\t<meta property=\"og:image:width\" content=\"1200\" \/>\n\t<meta property=\"og:image:height\" content=\"769\" \/>\n\t<meta property=\"og:image:type\" content=\"image\/png\" \/>\n<meta name=\"twitter:card\" content=\"summary_large_image\" \/>\n<meta name=\"twitter:label1\" content=\"Gesch\u00e4tzte Lesezeit\" \/>\n\t<meta name=\"twitter:data1\" content=\"1\u00a0Minute\" \/>\n<script type=\"application\/ld+json\" class=\"yoast-schema-graph\">{\"@context\":\"https:\\\/\\\/schema.org\",\"@graph\":[{\"@type\":\"WebPage\",\"@id\":\"https:\\\/\\\/peterhbaumann.ch\\\/\",\"url\":\"https:\\\/\\\/peterhbaumann.ch\\\/\",\"name\":\"Ich \u00f6ffne R\u00e4ume f\u00fcr vernetzte, partizipative Zusammenarbeit. - Peter H Baumann Organisationsberatung\",\"isPartOf\":{\"@id\":\"https:\\\/\\\/peterhbaumann.ch\\\/#website\"},\"primaryImageOfPage\":{\"@id\":\"https:\\\/\\\/peterhbaumann.ch\\\/#primaryimage\"},\"image\":{\"@id\":\"https:\\\/\\\/peterhbaumann.ch\\\/#primaryimage\"},\"thumbnailUrl\":\"https:\\\/\\\/peterhbaumann.ch\\\/wp-content\\\/uploads\\\/2020\\\/02\\\/2020-landscape-1-1.png\",\"datePublished\":\"2020-02-21T09:16:52+00:00\",\"dateModified\":\"2026-04-16T13:40:59+00:00\",\"description\":\"Peter H Baumann Organisationsberatung gezielte Zusammenarbeit zwischen Organisationen Beratung Kooperation Partizipation Vernetzung Netzwerk\",\"breadcrumb\":{\"@id\":\"https:\\\/\\\/peterhbaumann.ch\\\/#breadcrumb\"},\"inLanguage\":\"de-CH\",\"potentialAction\":[{\"@type\":\"ReadAction\",\"target\":[\"https:\\\/\\\/peterhbaumann.ch\\\/\"]}]},{\"@type\":\"ImageObject\",\"inLanguage\":\"de-CH\",\"@id\":\"https:\\\/\\\/peterhbaumann.ch\\\/#primaryimage\",\"url\":\"https:\\\/\\\/peterhbaumann.ch\\\/wp-content\\\/uploads\\\/2020\\\/02\\\/2020-landscape-1-1.png\",\"contentUrl\":\"https:\\\/\\\/peterhbaumann.ch\\\/wp-content\\\/uploads\\\/2020\\\/02\\\/2020-landscape-1-1.png\",\"width\":1200,\"height\":769},{\"@type\":\"BreadcrumbList\",\"@id\":\"https:\\\/\\\/peterhbaumann.ch\\\/#breadcrumb\",\"itemListElement\":[{\"@type\":\"ListItem\",\"position\":1,\"name\":\"Home\",\"item\":\"https:\\\/\\\/peterhbaumann.ch\\\/\"},{\"@type\":\"ListItem\",\"position\":2,\"name\":\"Ich \u00f6ffne R\u00e4ume f\u00fcr vernetzte, partizipative Zusammenarbeit.\"}]},{\"@type\":\"WebSite\",\"@id\":\"https:\\\/\\\/peterhbaumann.ch\\\/#website\",\"url\":\"https:\\\/\\\/peterhbaumann.ch\\\/\",\"name\":\"Peter H Baumann Organisationsberatung\",\"description\":\"vernetzen  -  kooperieren  -  partizipieren\",\"potentialAction\":[{\"@type\":\"SearchAction\",\"target\":{\"@type\":\"EntryPoint\",\"urlTemplate\":\"https:\\\/\\\/peterhbaumann.ch\\\/?s={search_term_string}\"},\"query-input\":{\"@type\":\"PropertyValueSpecification\",\"valueRequired\":true,\"valueName\":\"search_term_string\"}}],\"inLanguage\":\"de-CH\"}]}<\/script>\n<!-- \/ Yoast SEO plugin. -->","yoast_head_json":{"title":"Ich \u00f6ffne R\u00e4ume f\u00fcr vernetzte, partizipative Zusammenarbeit. - Peter H Baumann Organisationsberatung","description":"Peter H Baumann Organisationsberatung gezielte Zusammenarbeit zwischen Organisationen Beratung Kooperation Partizipation Vernetzung Netzwerk","robots":{"index":"index","follow":"follow","max-snippet":"max-snippet:-1","max-image-preview":"max-image-preview:large","max-video-preview":"max-video-preview:-1"},"canonical":"https:\/\/peterhbaumann.ch\/","og_locale":"de_DE","og_type":"article","og_title":"Ich \u00f6ffne R\u00e4ume f\u00fcr vernetzte, partizipative Zusammenarbeit. - Peter H Baumann Organisationsberatung","og_description":"Peter H Baumann Organisationsberatung gezielte Zusammenarbeit zwischen Organisationen Beratung Kooperation Partizipation Vernetzung Netzwerk","og_url":"https:\/\/peterhbaumann.ch\/","og_site_name":"Peter H Baumann Organisationsberatung","article_modified_time":"2026-04-16T13:40:59+00:00","og_image":[{"width":1200,"height":769,"url":"https:\/\/peterhbaumann.ch\/wp-content\/uploads\/2020\/02\/2020-landscape-1-1.png","type":"image\/png"}],"twitter_card":"summary_large_image","twitter_misc":{"Gesch\u00e4tzte Lesezeit":"1\u00a0Minute"},"schema":{"@context":"https:\/\/schema.org","@graph":[{"@type":"WebPage","@id":"https:\/\/peterhbaumann.ch\/","url":"https:\/\/peterhbaumann.ch\/","name":"Ich \u00f6ffne R\u00e4ume f\u00fcr vernetzte, partizipative Zusammenarbeit. - Peter H Baumann Organisationsberatung","isPartOf":{"@id":"https:\/\/peterhbaumann.ch\/#website"},"primaryImageOfPage":{"@id":"https:\/\/peterhbaumann.ch\/#primaryimage"},"image":{"@id":"https:\/\/peterhbaumann.ch\/#primaryimage"},"thumbnailUrl":"https:\/\/peterhbaumann.ch\/wp-content\/uploads\/2020\/02\/2020-landscape-1-1.png","datePublished":"2020-02-21T09:16:52+00:00","dateModified":"2026-04-16T13:40:59+00:00","description":"Peter H Baumann Organisationsberatung gezielte Zusammenarbeit zwischen Organisationen Beratung Kooperation Partizipation Vernetzung Netzwerk","breadcrumb":{"@id":"https:\/\/peterhbaumann.ch\/#breadcrumb"},"inLanguage":"de-CH","potentialAction":[{"@type":"ReadAction","target":["https:\/\/peterhbaumann.ch\/"]}]},{"@type":"ImageObject","inLanguage":"de-CH","@id":"https:\/\/peterhbaumann.ch\/#primaryimage","url":"https:\/\/peterhbaumann.ch\/wp-content\/uploads\/2020\/02\/2020-landscape-1-1.png","contentUrl":"https:\/\/peterhbaumann.ch\/wp-content\/uploads\/2020\/02\/2020-landscape-1-1.png","width":1200,"height":769},{"@type":"BreadcrumbList","@id":"https:\/\/peterhbaumann.ch\/#breadcrumb","itemListElement":[{"@type":"ListItem","position":1,"name":"Home","item":"https:\/\/peterhbaumann.ch\/"},{"@type":"ListItem","position":2,"name":"Ich \u00f6ffne R\u00e4ume f\u00fcr vernetzte, partizipative Zusammenarbeit."}]},{"@type":"WebSite","@id":"https:\/\/peterhbaumann.ch\/#website","url":"https:\/\/peterhbaumann.ch\/","name":"Peter H Baumann Organisationsberatung","description":"vernetzen  -  kooperieren  -  partizipieren","potentialAction":[{"@type":"SearchAction","target":{"@type":"EntryPoint","urlTemplate":"https:\/\/peterhbaumann.ch\/?s={search_term_string}"},"query-input":{"@type":"PropertyValueSpecification","valueRequired":true,"valueName":"search_term_string"}}],"inLanguage":"de-CH"}]}},"_links":{"self":[{"href":"https:\/\/peterhbaumann.ch\/index.php\/wp-json\/wp\/v2\/pages\/14","targetHints":{"allow":["GET"]}}],"collection":[{"href":"https:\/\/peterhbaumann.ch\/index.php\/wp-json\/wp\/v2\/pages"}],"about":[{"href":"https:\/\/peterhbaumann.ch\/index.php\/wp-json\/wp\/v2\/types\/page"}],"author":[{"embeddable":true,"href":"https:\/\/peterhbaumann.ch\/index.php\/wp-json\/wp\/v2\/users\/1"}],"replies":[{"embeddable":true,"href":"https:\/\/peterhbaumann.ch\/index.php\/wp-json\/wp\/v2\/comments?post=14"}],"version-history":[{"count":24,"href":"https:\/\/peterhbaumann.ch\/index.php\/wp-json\/wp\/v2\/pages\/14\/revisions"}],"predecessor-version":[{"id":225,"href":"https:\/\/peterhbaumann.ch\/index.php\/wp-json\/wp\/v2\/pages\/14\/revisions\/225"}],"wp:featuredmedia":[{"embeddable":true,"href":"https:\/\/peterhbaumann.ch\/index.php\/wp-json\/wp\/v2\/media\/13"}],"wp:attachment":[{"href":"https:\/\/peterhbaumann.ch\/index.php\/wp-json\/wp\/v2\/media?parent=14"}],"curies":[{"name":"wp","href":"https:\/\/api.w.org\/{rel}","templated":true}]}}